{"id":856,"date":"2022-03-31T11:42:03","date_gmt":"2022-03-31T11:42:03","guid":{"rendered":"https:\/\/splisiowolka.pl\/new\/?page_id=856"},"modified":"2025-09-18T13:07:16","modified_gmt":"2025-09-18T11:07:16","slug":"informacje","status":"publish","type":"page","link":"https:\/\/splisiowolka.pl\/new\/index.php\/informacje\/","title":{"rendered":"Informacje"},"content":{"rendered":"\n<p><\/p>\n\n\n\n<div class=\"wp-block-cover has-parallax\" style=\"min-height:220px\"><span aria-hidden=\"true\" class=\"wp-block-cover__background has-background-dim-80 has-background-dim\" style=\"background-color:#042039\"><\/span><div role=\"img\" class=\"wp-block-cover__image-background wp-image-1158 has-parallax\" style=\"background-position:50% 50%;background-image:url(https:\/\/splisiowolka.pl\/new\/wp-content\/uploads\/2022\/09\/basen.webp)\"><\/div><div class=\"wp-block-cover__inner-container is-layout-flow wp-block-cover-is-layout-flow\">\n<h2 class=\"wp-block-heading has-text-align-center\"><strong>Harmonogram wyjazd\u00f3w na basen <\/strong><br><strong>w roku szkolnym 2025\/2026 &#8211; Lisiow\u00f3lka<\/strong><\/h2>\n<\/div><\/div>\n\n\n\n<div style=\"height:100px\" aria-hidden=\"true\" class=\"wp-block-spacer\"><\/div>\n\n\n\n<div class=\"wp-block-columns are-vertically-aligned-center is-layout-flex wp-container-7 wp-block-columns-is-layout-flex\">\n<div class=\"wp-block-column is-vertically-aligned-center is-layout-flow wp-block-column-is-layout-flow\" style=\"flex-basis:100%\">\n<div class=\"wp-block-group is-layout-flow wp-block-group-is-layout-flow\"><div class=\"wp-block-group__inner-container\">\n<div class=\"wp-block-group is-layout-flow wp-block-group-is-layout-flow\"><div class=\"wp-block-group__inner-container\">\n<div class=\"wp-block-group is-layout-flow wp-block-group-is-layout-flow\"><div class=\"wp-block-group__inner-container\">\n<div class=\"wp-block-group is-layout-flow wp-block-group-is-layout-flow\" style=\"font-size:15px\"><div class=\"wp-block-group__inner-container\">\n<p><strong>wrzesie\u0144<\/strong>:<\/p>\n\n\n\n<p>15.09.2025 r.<br>29.09.2025 r.<br><\/p>\n\n\n\n<p><strong>pa\u017adziernik<\/strong>:<br><br>06.10.2025 r.<br>20.10.2025 r.<br><br><strong>listopad<\/strong>:<br><br>17.11.2025 r.<br>24.11.2025 r.<br><br><strong>grudzie\u0144<\/strong>: <br><br>08.12.2025 r.<br>15.12.2025 r.<br><br><strong>stycze\u0144:<\/strong><br><br>12.01.2026 r.<br>19.01.2026 r.<br><br><strong>luty: <\/strong><br><br>02.02.2026 r.<br>09.02.2026 r.<br><br><strong>marzec:<\/strong><br><br>09.03.2026 r.<br>23.03.2026 r.<br><br><strong>kwiecie\u0144:<\/strong><br><br>13.04.2026 r.<br>20.04.2026 r.<br><br><strong>maj:<\/strong><br><br>18.05.2026 r.<br>25.05.2026 r.<br><br><strong>czerwiec:<\/strong><br><br>08.06.2026 r.<br>15.06.2026 r.<\/p>\n<\/div><\/div>\n<\/div><\/div>\n<\/div><\/div>\n<\/div><\/div>\n<\/div>\n<\/div>\n\n\n\n<p><\/p>\n\n\n\n<p><\/p>\n\n\n\n<p><\/p>\n\n\n\n<div class=\"wp-block-cover has-parallax\" style=\"min-height:220px\"><span aria-hidden=\"true\" class=\"wp-block-cover__background has-background-dim-70 has-background-dim\" style=\"background-color:#05084b\"><\/span><div role=\"img\" class=\"wp-block-cover__image-background wp-image-1176 has-parallax\" style=\"background-position:50% 50%;background-image:url(https:\/\/splisiowolka.pl\/new\/wp-content\/uploads\/2022\/09\/kalendarz.jpg)\"><\/div><div class=\"wp-block-cover__inner-container is-layout-flow wp-block-cover-is-layout-flow\">\n<h2 class=\"wp-block-heading has-text-align-center has-white-color has-text-color has-large-font-size\"><strong>Dni wolne od zaj\u0119\u0107 dydaktycznych<\/strong><\/h2>\n<\/div><\/div>\n\n\n\n<p><br>13 pa\u017adziernik<\/p>\n\n\n\n<p>10 listopada<\/p>\n\n\n\n<p>2-5 stycznia<\/p>\n\n\n\n<p>11-13 maj<\/p>\n\n\n\n<p>5 czerwiec<\/p>\n\n\n\n<p><\/p>\n\n\n\n<div style=\"height:100px\" aria-hidden=\"true\" class=\"wp-block-spacer\"><\/div>\n\n\n\n<p><\/p>\n\n\n\n<p><\/p>\n","protected":false},"excerpt":{"rendered":"<p>wrzesie\u0144: 15.09.2025 r.29.09.2025 r. pa\u017adziernik: 06.10.2025 r.20.10.2025 r. listopad: 17.11.2025 r.24.11.2025 r. grudzie\u0144: 08.12.2025 r.15.12.2025 r. stycze\u0144: 12.01.2026 r.19.01.2026 r. luty: 02.02.2026 r.09.02.2026 r. marzec: 09.03.2026 r.23.03.2026 r. kwiecie\u0144: 13.04.2026 r.20.04.2026 r. maj: 18.05.2026 r.25.05.2026 r. czerwiec: 08.06.2026 r.15.06.2026 r. 13 pa\u017adziernik 10 listopada 2-5 stycznia 11-13 maj 5 czerwiec<\/p>\n","protected":false},"author":1,"featured_media":1179,"parent":0,"menu_order":0,"comment_status":"closed","ping_status":"closed","template":"","meta":{"_themeisle_gutenberg_block_has_review":false,"footnotes":""},"_links":{"self":[{"href":"https:\/\/splisiowolka.pl\/new\/index.php\/wp-json\/wp\/v2\/pages\/856"}],"collection":[{"href":"https:\/\/splisiowolka.pl\/new\/index.php\/wp-json\/wp\/v2\/pages"}],"about":[{"href":"https:\/\/splisiowolka.pl\/new\/index.php\/wp-json\/wp\/v2\/types\/page"}],"author":[{"embeddable":true,"href":"https:\/\/splisiowolka.pl\/new\/index.php\/wp-json\/wp\/v2\/users\/1"}],"replies":[{"embeddable":true,"href":"https:\/\/splisiowolka.pl\/new\/index.php\/wp-json\/wp\/v2\/comments?post=856"}],"version-history":[{"count":30,"href":"https:\/\/splisiowolka.pl\/new\/index.php\/wp-json\/wp\/v2\/pages\/856\/revisions"}],"predecessor-version":[{"id":2724,"href":"https:\/\/splisiowolka.pl\/new\/index.php\/wp-json\/wp\/v2\/pages\/856\/revisions\/2724"}],"wp:featuredmedia":[{"embeddable":true,"href":"https:\/\/splisiowolka.pl\/new\/index.php\/wp-json\/wp\/v2\/media\/1179"}],"wp:attachment":[{"href":"https:\/\/splisiowolka.pl\/new\/index.php\/wp-json\/wp\/v2\/media?parent=856"}],"curies":[{"name":"wp","href":"https:\/\/api.w.org\/{rel}","templated":true}]}}