{"id":2118,"date":"2024-03-12T09:48:48","date_gmt":"2024-03-12T07:48:48","guid":{"rendered":"https:\/\/splisiowolka.pl\/new\/?page_id=2118"},"modified":"2024-03-12T10:35:19","modified_gmt":"2024-03-12T08:35:19","slug":"egzamin-osmoklasisty-2023-2024","status":"publish","type":"page","link":"https:\/\/splisiowolka.pl\/new\/index.php\/egzamin-osmoklasisty-2023-2024\/","title":{"rendered":"Egzamin \u00f3smoklasisty 2023\/2024"},"content":{"rendered":"\n<p class=\"has-text-align-center has-large-font-size\"><strong>Egzamin \u00f3smoklasisty \u2013 informacje<\/strong><\/p>\n\n\n<div class=\"wp-block-image\">\n<figure class=\"aligncenter size-full is-resized\"><img decoding=\"async\" loading=\"lazy\" width=\"400\" height=\"267\" src=\"https:\/\/splisiowolka.pl\/new\/wp-content\/uploads\/2024\/03\/exam.jpg\" alt=\"\" class=\"wp-image-2115\" style=\"aspect-ratio:1.4981273408239701;width:420px;height:auto\" srcset=\"https:\/\/splisiowolka.pl\/new\/wp-content\/uploads\/2024\/03\/exam.jpg 400w, https:\/\/splisiowolka.pl\/new\/wp-content\/uploads\/2024\/03\/exam-300x200.jpg 300w\" sizes=\"(max-width: 400px) 100vw, 400px\" \/><\/figure><\/div>\n\n\n<div style=\"height:48px\" aria-hidden=\"true\" class=\"wp-block-spacer\"><\/div>\n\n\n\n<p class=\"has-text-align-center has-text-color\" style=\"color:#066f49;font-size:25px\"><strong>14 maja 2024 r.<\/strong> \u2013 j\u0119zyk polski (godz. 9:00) &#8211; czas trwania <strong>120 minut<\/strong><br><strong>15 maja 2024 r. <\/strong>\u2013 matematyka (godz. 9:00) &#8211; czas trwania <strong>100 minut<\/strong><br><strong>16 maja 2024 r. <\/strong>\u2013 j\u0119zyk angielski (godz. 9:00) &#8211; czas trwania <strong>90 minut<\/strong><\/p>\n\n\n<div class=\"wp-block-image\">\n<figure class=\"aligncenter size-large\"><img decoding=\"async\" src=\"https:\/\/www.nowaera.pl\/data\/8\/6\/7\/d\/default\/\/867dba1bd67409d4e4a25d856f90ffdf.jpg\" alt=\"\" style=\"object-fit:cover\"\/><\/figure><\/div>\n\n\n<p><\/p>\n\n\n\n<p class=\"has-black-color has-text-color\"><strong>Informacje og\u00f3lne o egzaminie w 2024 r.<\/strong><\/p>\n\n\n\n<ul>\n<li>Egzamin jest obowi\u0105zkowy, co oznacza, \u017ce ka\u017cdy ucze\u0144 klasy 8 musi do niego przyst\u0105pi\u0107, aby uko\u0144czy\u0107 szko\u0142\u0119.<\/li>\n\n\n\n<li>Egzamin ma form\u0119 pisemn\u0105.<\/li>\n\n\n\n<li>Egzamin sk\u0142ada si\u0119 z trzech przedmiot\u00f3w: j\u0119zyka polskiego, matematyki i j\u0119zyka obcego nowo\u017cytnego.<\/li>\n\n\n\n<li>Egzamin jest przeprowadzany przez trzy kolejne dni \u2013 <strong>od 14 do 16 maja 2024 r.:<\/strong><\/li>\n\n\n\n<li>Termin dodatkowy egzaminu (w czerwcu) przewidziany jest dla ucznia,<br>kt\u00f3ry nie przyst\u0105pi\u0142 do egzaminu w terminie g\u0142\u00f3wnym z przyczyn<br>losowych lub zdrowotnych.<\/li>\n\n\n\n<li>Egzamin sprawdza wiadomo\u015bci i umiej\u0119tno\u015bci okre\u015blone w wymaganiach egzaminacyjnych (czyli w dokumencie zawieraj\u0105cym<br>wybrane zapisy z obowi\u0105zuj\u0105cej podstawy programowej) w odniesieniu do przedmiot\u00f3w egzaminacyjnych nauczanych w klasach<br>1\u20138 szko\u0142y podstawowej. Dokument zawieraj\u0105cy wymagania<br>egzaminacyjne mo\u017cna znale\u017a\u0107 na stronie Centralnej Komisji<br>Egzaminacyjnej (CKE).<\/li>\n\n\n\n<li>Wyniki egzaminu b\u0119d\u0105 brane pod uwag\u0119 podczas rekrutacji<br>do szk\u00f3\u0142 \u015brednich, je\u015bli liczba kandydat\u00f3w b\u0119dzie wi\u0119ksza<br>ni\u017c liczba miejsc w danej plac\u00f3wce.<\/li>\n\n\n\n<li>Laureaci i finali\u015bci olimpiad lub konkurs\u00f3w o zasi\u0119gu<br>wojew\u00f3dzkim lub ponadwojew\u00f3dzkim, z zakresu jednego z przedmiot\u00f3w obj\u0119tych egzaminem \u00f3smoklasisty,<br>s\u0105 zwolnieni z egzaminu z tego przedmiotu \u2013 uzyskaj\u0105 z niego maksymalny wynik. B\u0119d\u0105 mieli r\u00f3wnie\u017c<br>pierwsze\u0144stwo w rekrutacji do szk\u00f3\u0142 ponadpodstawowych. Takie<br>pierwsze\u0144stwo uzyskuj\u0105 tak\u017ce laureaci konkurs\u00f3w z przedmiot\u00f3w nieobj\u0119tych egzaminem.<\/li>\n<\/ul>\n\n\n\n<p class=\"has-text-align-center has-vivid-green-cyan-color has-text-color has-large-font-size\"><strong>Informacje o egzaminie z j\u0119zyka polskiego<\/strong><\/p>\n\n\n\n<div class=\"wp-block-cover is-light has-parallax\"><span aria-hidden=\"true\" class=\"wp-block-cover__background has-background-dim\"><\/span><div role=\"img\" class=\"wp-block-cover__image-background wp-image-586 has-parallax\" style=\"background-position:50% 50%;background-image:url(https:\/\/splisiowolka.pl\/new\/wp-content\/uploads\/2022\/03\/polski-1024x576.jpg)\"><\/div><div class=\"wp-block-cover__inner-container is-layout-flow wp-block-cover-is-layout-flow\">\n<p class=\"has-text-align-center has-luminous-vivid-amber-color has-text-color has-large-font-size\">egzamin z j\u0119zyka polskiego <\/p>\n<\/div><\/div>\n\n\n\n<div style=\"height:20px\" aria-hidden=\"true\" class=\"wp-block-spacer\"><\/div>\n\n\n\n<ul>\n<li>Arkusz egzaminacyjny z j\u0119zyka polskiego sk\u0142ada si\u0119 z instrukcji dla ucznia, dw\u00f3ch cz\u0119\u015bci z zadaniami oraz karty odpowiedzi. \u0141\u0105czna liczba zada\u0144 wynosi oko\u0142o 20. Znajduj\u0105 si\u0119 w\u015br\u00f3d nich zar\u00f3wno<br>zadania zamkni\u0119te, jak i otwarte. Maksymalna liczba punkt\u00f3w mo\u017cliwych do zdobycia za rozwi\u0105zanie<br>zada\u0144 wynosi 45. W pierwszej cz\u0119\u015bci arkusza mo\u017cna zdoby\u0107 25 punkt\u00f3w (w tym oko\u0142o 50 proc. za<br>zadania otwarte). W drugiej cz\u0119\u015bci arkusza mo\u017cna uzyska\u0107 20 punkt\u00f3w.<br><br><strong>Cz\u0119\u015b\u0107 1.<\/strong><br>Zestawy zada\u0144 zamkni\u0119tych i otwartych do dw\u00f3ch tekst\u00f3w: literackiego (epickiego \/ dramatycznego \/lirycznego) i nieliterackiego (popularnonaukowego \/ publicystycznego). W zadaniach mog\u0105 si\u0119 pojawi\u0107 kr\u00f3tkie fragmenty innych utwor\u00f3w literackich i nieliterackich, teksty ikoniczne (np. obraz, plakat), przys\u0142owia, powiedzenia.<br><br><strong>Cz\u0119\u015b\u0107 2.<\/strong><br>Wypracowanie (nie kr\u00f3tsze ni\u017c 200 s\u0142\u00f3w) w jednej z dw\u00f3ch form do wyboru:<br>1) o charakterze tw\u00f3rczym \u2013 opowiadanie,<br>2) o charakterze argumentacyjnym \u2013 rozprawka.<\/li>\n<\/ul>\n\n\n\n<p>W obu cz\u0119\u015bciach arkusza \u2013 w rozwi\u0105zywanych zadaniach i w wypracowaniu \u2013 trzeba si\u0119 wykaza\u0107 szczeg\u00f3\u0142ow\u0105 znajomo\u015bci\u0105 tre\u015bci i problematyki lektur obowi\u0105zkowych dla klas 7 i 8 uj\u0119tych w wymaganiach egzaminacyjnych. Ucze\u0144 b\u0119dzie m\u00f3g\u0142 tak\u017ce odwo\u0142a\u0107 si\u0119 do lektur z podstawy programowej dla klas 7\u20138, pomini\u0119tych w wymaganiach.<\/p>\n\n\n\n<p><strong>Lektury uj\u0119te w wymaganiach egzaminacyjnych:<\/strong><br><br>Charles Dickens, Opowie\u015b\u0107 wigilijna<br>Aleksander Fredro, Zemsta<br>Jan Kochanowski, wyb\u00f3r fraszek, treny VII, VIII<br>Aleksander Kami\u0144ski, Kamienie na szaniec<br>Adam Mickiewicz, Reduta Ordona, \u015amier\u0107 Pu\u0142kownika, \u015awitezianka,<br>II cz\u0119\u015b\u0107 Dziad\u00f3w, Pan Tadeusz<br>Antoine de Saint-Exup\u00e9ry, Ma\u0142y Ksi\u0105\u017c\u0119<br>Henryk Sienkiewicz, Quo vadis, Latarnik<br>Juliusz S\u0142owacki, Balladyna<br>Lektury wskazane w podstawie programowej<br>dla klas 7\u20138, ale nieuj\u0119te w wymaganiach egzaminacyjnych:<br>Jan Kochanowski, wybrane pie\u015bni, treny I i V<br>Adam Mickiewicz, wybrany utw\u00f3r z cyklu Sonety krymskie<br>Ignacy Krasicki, \u017bona modna<br>S\u0142awomir Mro\u017cek, Artysta<br>Stefan \u017beromski, Syzyfowe prace<br>Melchior Wa\u0144kowicz, T\u0119dy i ow\u0119dy (wybrany reporta\u017c)<\/p>\n\n\n\n<p class=\"has-text-align-center has-vivid-green-cyan-color has-text-color has-large-font-size\"><strong>Informacje o egzaminie z matematyki<\/strong><\/p>\n\n\n\n<div class=\"wp-block-cover aligncenter is-light has-parallax\"><span aria-hidden=\"true\" class=\"wp-block-cover__background has-background-dim\"><\/span><div role=\"img\" class=\"wp-block-cover__image-background wp-image-1968 has-parallax\" style=\"background-position:50% 50%;background-image:url(https:\/\/splisiowolka.pl\/new\/wp-content\/uploads\/2023\/12\/tabliczka-1024x683.jpg)\"><\/div><div class=\"wp-block-cover__inner-container is-layout-flow wp-block-cover-is-layout-flow\">\n<p class=\"has-text-align-center has-luminous-vivid-amber-color has-text-color has-large-font-size\">egzamin z matematyki<\/p>\n<\/div><\/div>\n\n\n\n<div style=\"height:20px\" aria-hidden=\"true\" class=\"wp-block-spacer\"><\/div>\n\n\n\n<p>Na egzaminie z matematyki wa\u017cne b\u0119dzie zaprezentowanie znacznej samodzielno\u015bci w pos\u0142ugiwaniu si\u0119 og\u00f3lnymi umiej\u0119tno\u015bciami matematycznymi. Uczniowie zmierz\u0105 si\u0119 z rozwi\u0105zywaniem<br>zada\u0144 dotycz\u0105cych wykorzystania matematyki na co dzie\u0144 \u2013 zar\u00f3wno stosowania wzor\u00f3w i regu\u0142,<br>jak i logicznego my\u015blenia oraz uporz\u0105dkowanego dzia\u0142ania.<\/p>\n\n\n\n<ul>\n<li>Arkusz egzaminacyjny z matematyki b\u0119dzie zawiera\u0142 od 18 do 20 zada\u0144, za kt\u00f3rych rozwi\u0105zanie<br>mo\u017cna \u0142\u0105cznie zdoby\u0107 25 punkt\u00f3w. W arkuszu znajduje si\u0119 15 zada\u0144 zamkni\u0119tych, za kt\u00f3re mo\u017cna<br>zdoby\u0107 15 punkt\u00f3w, oraz 3\u20135 zada\u0144 otwartych, za kt\u00f3rych rozwi\u0105zanie mo\u017cna zdoby\u0107 w sumie<br>10 punkt\u00f3w.<\/li>\n\n\n\n<li>Przyk\u0142adowe typy zada\u0144 zamkni\u0119tych to: wyboru wielokrotnego, prawda \u2013 fa\u0142sz, na dobieranie.<br>Przyk\u0142adowe typy zada\u0144 otwartych to: obliczeniowe, na uzasadnianie, tworzenie strategii.<\/li>\n\n\n\n<li>Dobrym \u017ar\u00f3d\u0142em informacji o zadaniach dostosowanych do wymaga\u0144 egzaminacyjnych w 2024 r.<br>jest analiza arkuszy CKE opracowanych zgodnie z aneksem do Informatora:<br>\u2013 arkusza pr\u00f3bnego egzaminu \u00f3smoklasisty z marca 2021 r.<br>\u2013 arkusze egzaminacyjne z 26 maja 2021 r., 25 maja 2022 r. i 24 maja 2023 r.<br>Wszystkie te materia\u0142y mo\u017cna pobra\u0107 ze strony CKE. Nale\u017cy jednak pami\u0119ta\u0107, \u017ce zadania zaprezentowane dotychczas przez CKE nie wyczerpuj\u0105 wszystkich typ\u00f3w zada\u0144, kt\u00f3re mog\u0105 wyst\u0105pi\u0107 w arkuszu egzaminacyjnym.<\/li>\n<\/ul>\n\n\n\n<p class=\"has-text-align-center has-vivid-green-cyan-color has-text-color has-large-font-size\"><strong>Informacje o egzaminie z j\u0119zyka angielskiego<\/strong><\/p>\n\n\n\n<div class=\"wp-block-cover has-parallax\"><span aria-hidden=\"true\" class=\"wp-block-cover__background has-background-dim\"><\/span><div role=\"img\" class=\"wp-block-cover__image-background wp-image-590 has-parallax\" style=\"background-position:50% 50%;background-image:url(https:\/\/splisiowolka.pl\/new\/wp-content\/uploads\/2022\/03\/angielski-1024x427.jpg)\"><\/div><div class=\"wp-block-cover__inner-container is-layout-flow wp-block-cover-is-layout-flow\">\n<p class=\"has-text-align-center has-luminous-vivid-amber-color has-text-color has-large-font-size\">egzamin z j\u0119zyka angielskiego<\/p>\n<\/div><\/div>\n\n\n\n<div style=\"height:20px\" aria-hidden=\"true\" class=\"wp-block-spacer\"><\/div>\n\n\n\n<ul>\n<li>Poziom egzaminu zosta\u0142 obni\u017cony do A2 (\u015bredni poziom bieg\u0142o\u015bci j\u0119zykowej wed\u0142ug Europejskiego<br>Systemu Opisu Kszta\u0142cenia J\u0119zykowego).<\/li>\n\n\n\n<li>Arkusz egzaminacyjny b\u0119dzie zawiera\u0142 14 zada\u0144, za kt\u00f3re b\u0119dzie mo\u017cna zdoby\u0107 maksymalnie<br>55 punkt\u00f3w (21 punkt\u00f3w za zadania otwarte i 34 punkty za zadania zamkni\u0119te).<\/li>\n\n\n\n<li>Sprawdzane umiej\u0119tno\u015bci: egzamin b\u0119dzie sprawdza\u0142 przede wszystkim umiej\u0119tno\u015b\u0107 wykorzystania<br>j\u0119zyka w \u017cyciu codziennym, dlatego na egzaminie pojawi\u0105 si\u0119 zadania wymagaj\u0105ce przetwarzania<br>informacji w j\u0119zyku angielskim, czyli np. wymagaj\u0105ce t\u0142umaczenia, streszczenia, parafrazy.<\/li>\n\n\n\n<li>Arkusz egzaminacyjny b\u0119dzie si\u0119 sk\u0142ada\u0142 z pi\u0119ciu cz\u0119\u015bci.<br><br><strong>Cz\u0119\u015b\u0107 1.<br><\/strong>Zadania sprawdzaj\u0105ce umiej\u0119tno\u015b\u0107 rozumienia ze s\u0142uchu. B\u0119d\u0105 im towarzyszy\u0107 nagrania,<br>kt\u00f3rych ucze\u0144 wys\u0142ucha dwukrotnie.<br><br><strong>Cz\u0119\u015b\u0107 2.<br><\/strong>Zadania sprawdzaj\u0105ce znajomo\u015b\u0107 funkcji j\u0119zykowych, czyli umiej\u0119tno\u015b\u0107 komunikacji \u2013 uczniowie<br>b\u0119d\u0105 musieli np. o co\u015b poprosi\u0107, zapyta\u0107 czy udzieli\u0107 informacji.<br><br><strong>Cz\u0119\u015b\u0107 3.<br><\/strong>Zadania sprawdzaj\u0105ce rozumienie tekst\u00f3w pisanych, czyli umiej\u0119tno\u015b\u0107 czytania ze zrozumieniem.<br><br><strong>Cz\u0119\u015b\u0107 4.<br><\/strong>Cz\u0119\u015b\u0107 po\u015bwi\u0119cona \u015brodkom j\u0119zykowym, czyli zadania badaj\u0105ce znajomo\u015b\u0107 gramatyki.<br><br><strong>Cz\u0119\u015b\u0107 5.<br><\/strong>Jedno zadanie wymagaj\u0105ce napisania w\u0142asnego tekstu. Mo\u017ce to by\u0107 e-mail, wpis na blogu,<br>lub wiadomo\u015b\u0107 (tylko jedna z tych form, bez mo\u017cliwo\u015bci wyboru).<\/li>\n<\/ul>\n\n\n\n<p class=\"has-vivid-red-color has-text-color\"><strong>Przed\u0142u\u017cenie czasu trwania egzaminu dotyczy uczni\u00f3w:<\/strong><br><strong><br><\/strong>&#8211; z autyzmem, w tym z zespo\u0142em Aspergera<br>&#8211; ze specyficznymi trudno\u015bciami w uczeniu si\u0119, w tym z dysleksj\u0105, dysgrafi\u0105, dysortografi\u0105, dyskalkuli\u0105<br>&#8211; niepe\u0142nosprawnych intelektualnie w stopniu lekkim<br>&#8211; z innym zapisem w opinii pp-p.<br><\/p>\n\n\n\n<p>\u2022j\u0119zyk polski\u00a0 &#8211; do <strong>180 minut<\/strong><\/p>\n\n\n\n<p>\u2022matematyka \u2013 do <strong>150 minut<\/strong><\/p>\n\n\n\n<p>\u2022j\u0119zyk angielski \u2013 do<strong> 135 minut<\/strong><\/p>\n\n\n\n<p><\/p>\n\n\n\n<p>Wi\u0119cej informacji na temat egzaminu &#8211; <a href=\"https:\/\/cke.gov.pl\/\" data-type=\"link\" data-id=\"https:\/\/cke.gov.pl\/\">https:\/\/cke.gov.pl\/<\/a> oraz <a href=\"http:\/\/www.oke.krakow.pl\/inf\/\" data-type=\"link\" data-id=\"http:\/\/www.oke.krakow.pl\/inf\/\">http:\/\/www.oke.krakow.pl\/inf\/<\/a><\/p>\n\n\n\n<p class=\"has-text-color has-small-font-size\" style=\"color:#8c89893b\">\u0179r\u00f3d\u0142o: nowa era<\/p>\n","protected":false},"excerpt":{"rendered":"<p>Egzamin \u00f3smoklasisty \u2013 informacje 14 maja 2024 r. \u2013 j\u0119zyk polski (godz. 9:00) &#8211; czas trwania 120 minut15 maja 2024 r. \u2013 matematyka (godz. 9:00) &#8211; czas trwania 100 minut16 maja 2024 r. \u2013 j\u0119zyk angielski (godz. 9:00) &#8211; czas trwania 90 minut Informacje og\u00f3lne o egzaminie w 2024 r. Informacje o egzaminie z j\u0119zyka&hellip;<\/p>\n","protected":false},"author":1,"featured_media":1912,"parent":0,"menu_order":0,"comment_status":"closed","ping_status":"closed","template":"","meta":{"_themeisle_gutenberg_block_has_review":false,"footnotes":""},"_links":{"self":[{"href":"https:\/\/splisiowolka.pl\/new\/index.php\/wp-json\/wp\/v2\/pages\/2118"}],"collection":[{"href":"https:\/\/splisiowolka.pl\/new\/index.php\/wp-json\/wp\/v2\/pages"}],"about":[{"href":"https:\/\/splisiowolka.pl\/new\/index.php\/wp-json\/wp\/v2\/types\/page"}],"author":[{"embeddable":true,"href":"https:\/\/splisiowolka.pl\/new\/index.php\/wp-json\/wp\/v2\/users\/1"}],"replies":[{"embeddable":true,"href":"https:\/\/splisiowolka.pl\/new\/index.php\/wp-json\/wp\/v2\/comments?post=2118"}],"version-history":[{"count":8,"href":"https:\/\/splisiowolka.pl\/new\/index.php\/wp-json\/wp\/v2\/pages\/2118\/revisions"}],"predecessor-version":[{"id":2129,"href":"https:\/\/splisiowolka.pl\/new\/index.php\/wp-json\/wp\/v2\/pages\/2118\/revisions\/2129"}],"wp:featuredmedia":[{"embeddable":true,"href":"https:\/\/splisiowolka.pl\/new\/index.php\/wp-json\/wp\/v2\/media\/1912"}],"wp:attachment":[{"href":"https:\/\/splisiowolka.pl\/new\/index.php\/wp-json\/wp\/v2\/media?parent=2118"}],"curies":[{"name":"wp","href":"https:\/\/api.w.org\/{rel}","templated":true}]}}