{"id":1699,"date":"2023-06-13T20:10:36","date_gmt":"2023-06-13T18:10:36","guid":{"rendered":"https:\/\/splisiowolka.pl\/new\/?page_id=1699"},"modified":"2023-09-20T22:46:05","modified_gmt":"2023-09-20T20:46:05","slug":"najnowsze-wpisy-aktualnosci","status":"publish","type":"page","link":"https:\/\/splisiowolka.pl\/new\/index.php\/najnowsze-wpisy-aktualnosci\/","title":{"rendered":"Najnowsze Wpisy &#8211; Aktualno\u015bci"},"content":{"rendered":"<div  class=\"wp-block-ultimate-post-post-list-4 ultp-block-ab123e animated backInLeft\"><div class=\"ultp-block-wrapper\"><div class=\"ultp-loading\"><div class=\"ultp-loading-blocks\" style=\"width:100%;height:100%;\"><div style=\"left: 0;top: 0;animation-delay:0s;\"><\/div><div style=\"left: 21px;top: 0;animation-delay:0.125s;\"><\/div><div style=\"left: 42px;top: 0;animation-delay:0.25s;\"><\/div><div style=\"left: 0;top: 21px;animation-delay:0.875s;\"><\/div><div style=\"left: 42px;top: 21px;animation-delay:0.375s;\"><\/div><div style=\"left: 0;top: 42px;animation-delay:0.75s;\"><\/div><div style=\"left: 42px;top: 42px;animation-delay:0.625s;\"><\/div><div style=\"left: 21px;top: 42px;animation-delay:0.5s;\"><\/div><\/div><\/div><div class=\"ultp-heading-filter\"><div class=\"ultp-heading-filter-in\"><div class=\"ultp-filter-navigation\"><\/div><\/div><\/div><div class=\"ultp-block-items-wrap ultp-block-content-middle ultp-layout1\"><section class=\"ultp-block-item ultp-block-media post-id-3100\"><div class=\"ultp-block-content-wrap ultp-first-postlist-2\"><div class=\"ultp-block-image ultp-block-image-zoomIn ultp-block-image-overlay ultp-block-image-multiColour ultp-block-image-multiColour0\"><a href=\"https:\/\/splisiowolka.pl\/new\/index.php\/2026\/04\/29\/rocznica-uchwalenia-konstytucji-3-maja-2026\/\" ><img decoding=\"async\"  alt=\"Rocznica uchwalenia Konstytucji 3 Maja &#8211; 2026\"  src=\"https:\/\/splisiowolka.pl\/new\/wp-content\/uploads\/2026\/04\/IMG_9905.jpg\" \/><\/a><\/div><div class=\"ultp-block-content\"><h5 class=\"ultp-block-title \"><a href=\"https:\/\/splisiowolka.pl\/new\/index.php\/2026\/04\/29\/rocznica-uchwalenia-konstytucji-3-maja-2026\/\" >Rocznica uchwalenia Konstytucji 3 Maja &#8211; 2026<\/a><\/h5><div class=\"ultp-block-excerpt\"><p>Obchody rocznicy uchwalenia Konstytucji 3 Maja w naszej szkole mia\u0142y wyj\u0105tkowo uroczysty i podnios\u0142y charakter. By\u0142a to nie tylko okazja do wsp\u00f3lnego \u015bwi\u0119towania jednego z najwa\u017cniejszych wydarze\u0144 w historii Polski, ale r\u00f3wnie\u017c moment refleksji nad warto\u015bciami, kt\u00f3re od wiek\u00f3w kszta\u0142tuj\u0105&hellip;<\/p>\n<\/div><div class=\"ultp-block-readmore\"><a aria-label=\"Rocznica uchwalenia Konstytucji 3 Maja &#8211; 2026\" href=\"https:\/\/splisiowolka.pl\/new\/index.php\/2026\/04\/29\/rocznica-uchwalenia-konstytucji-3-maja-2026\/\" >CZYTAJ DALEJ<svg xmlns=\"http:\/\/www.w3.org\/2000\/svg\" enable-background=\"new 0 0 53.76 53.76\" version=\"1.1\" viewBox=\"0 0 53.76 53.76\"><g transform=\"matrix(-1 3.6739e-16 -3.6739e-16 -1 53.76 53.76)\"><path class=\"active-path\" d=\"M44.574,53.76L9.186,26.88L44.574,0V53.76z M13.044,26.88l29.194,22.172V4.709L13.044,26.88z\" data-original=\"#000000\"\/><\/g><\/svg><\/a><\/div><div class=\"ultp-block-meta ultp-block-meta-dash ultp-block-meta-noIcon\"><span class=\"ultp-block-author\"><a href=\"https:\/\/splisiowolka.pl\/new\/index.php\/author\/admin\/\">admin<\/a><\/span><span class=\"ultp-block-date\">kwi 29, 2026<\/span><\/div><\/div><\/div><\/section><section class=\"ultp-block-item ultp-block-media post-id-3105\"><div class=\"ultp-block-content-wrap ultp-all-postlist-2\"><div class=\"ultp-block-image ultp-block-image-zoomIn ultp-block-image-overlay ultp-block-image-multiColour ultp-block-image-multiColour1\"><a href=\"https:\/\/splisiowolka.pl\/new\/index.php\/2026\/04\/28\/wystawa-poswiecona-konstytucji-3-maja\/\" ><img decoding=\"async\"  alt=\"Wystawa po\u015bwi\u0119cona Konstytucji 3 maja\"  src=\"https:\/\/splisiowolka.pl\/new\/wp-content\/uploads\/2026\/04\/a-600x600.jpg\" \/><\/a><\/div><div class=\"ultp-block-content\"><h5 class=\"ultp-block-title \"><a href=\"https:\/\/splisiowolka.pl\/new\/index.php\/2026\/04\/28\/wystawa-poswiecona-konstytucji-3-maja\/\" >Wystawa po\u015bwi\u0119cona Konstytucji 3 maja<\/a><\/h5><div class=\"ultp-block-excerpt\"><p>W naszej szkole odby\u0142a si\u0119 wyj\u0105tkowa wystawa po\u015bwi\u0119cona jednemu z najwa\u017cniejszych wydarze\u0144 w historii Polski \u2013 powstaniu i uchwaleniu Konstytucji 3 Maja. By\u0142a to nie tylko okazja do pog\u0142\u0119bienia wiedzy&hellip;<\/p>\n<\/div><div class=\"ultp-block-readmore\"><a aria-label=\"Wystawa po\u015bwi\u0119cona Konstytucji 3 maja\" href=\"https:\/\/splisiowolka.pl\/new\/index.php\/2026\/04\/28\/wystawa-poswiecona-konstytucji-3-maja\/\" >CZYTAJ DALEJ<svg xmlns=\"http:\/\/www.w3.org\/2000\/svg\" enable-background=\"new 0 0 53.76 53.76\" version=\"1.1\" viewBox=\"0 0 53.76 53.76\"><g transform=\"matrix(-1 3.6739e-16 -3.6739e-16 -1 53.76 53.76)\"><path class=\"active-path\" d=\"M44.574,53.76L9.186,26.88L44.574,0V53.76z M13.044,26.88l29.194,22.172V4.709L13.044,26.88z\" data-original=\"#000000\"\/><\/g><\/svg><\/a><\/div><div class=\"ultp-block-meta ultp-block-meta-dash ultp-block-meta-noIcon\"><span class=\"ultp-block-date\">kwi 28, 2026<\/span><\/div><\/div><\/div><\/section><section class=\"ultp-block-item ultp-block-media post-id-3080\"><div class=\"ultp-block-content-wrap ultp-all-postlist-2\"><div class=\"ultp-block-image ultp-block-image-zoomIn ultp-block-image-overlay ultp-block-image-multiColour ultp-block-image-multiColour2\"><a href=\"https:\/\/splisiowolka.pl\/new\/index.php\/2026\/04\/27\/podsumowanie-zbiorki-gora-grosza-2026\/\" ><img decoding=\"async\"  alt=\"Podsumowanie zbi\u00f3rki &#8211; G\u00f3ra Grosza 2026\"  src=\"https:\/\/splisiowolka.pl\/new\/wp-content\/uploads\/2026\/04\/gora_grosza26-600x600.jpg\" \/><\/a><\/div><div class=\"ultp-block-content\"><h5 class=\"ultp-block-title \"><a href=\"https:\/\/splisiowolka.pl\/new\/index.php\/2026\/04\/27\/podsumowanie-zbiorki-gora-grosza-2026\/\" >Podsumowanie zbi\u00f3rki &#8211; G\u00f3ra Grosza 2026<\/a><\/h5><div class=\"ultp-block-excerpt\"><p>Z rado\u015bci\u0105 informujemy o zako\u0144czeniu tegorocznej edycji akcji \u201eG\u00f3ra Grosza\u201d w naszej szkole. Dzi\u0119ki ogromnemu zaanga\u017cowaniu ca\u0142ej spo\u0142eczno\u015bci szkolnej uda\u0142o nam si\u0119 zebra\u0107 imponuj\u0105c\u0105 kwot\u0119 ponad 208 z\u0142otych. Ka\u017cdy, nawet&hellip;<\/p>\n<\/div><div class=\"ultp-block-readmore\"><a aria-label=\"Podsumowanie zbi\u00f3rki &#8211; G\u00f3ra Grosza 2026\" href=\"https:\/\/splisiowolka.pl\/new\/index.php\/2026\/04\/27\/podsumowanie-zbiorki-gora-grosza-2026\/\" >CZYTAJ DALEJ<svg xmlns=\"http:\/\/www.w3.org\/2000\/svg\" enable-background=\"new 0 0 53.76 53.76\" version=\"1.1\" viewBox=\"0 0 53.76 53.76\"><g transform=\"matrix(-1 3.6739e-16 -3.6739e-16 -1 53.76 53.76)\"><path class=\"active-path\" d=\"M44.574,53.76L9.186,26.88L44.574,0V53.76z M13.044,26.88l29.194,22.172V4.709L13.044,26.88z\" data-original=\"#000000\"\/><\/g><\/svg><\/a><\/div><div class=\"ultp-block-meta ultp-block-meta-dash ultp-block-meta-noIcon\"><span class=\"ultp-block-date\">kwi 27, 2026<\/span><\/div><\/div><\/div><\/section><section class=\"ultp-block-item ultp-block-media post-id-3070\"><div class=\"ultp-block-content-wrap ultp-all-postlist-2\"><div class=\"ultp-block-image ultp-block-image-zoomIn ultp-block-image-overlay ultp-block-image-multiColour ultp-block-image-multiColour3\"><a href=\"https:\/\/splisiowolka.pl\/new\/index.php\/2026\/04\/27\/mlodzi-liderzy-przedsiebiorczosci-nagrodzeni-za-nami-final-konkursu-przedsiebiorczy-uczen\/\" ><img decoding=\"async\"  alt=\"Drugie miejsce dla naszej uczennicy &#8211; \u201ePRZEDSI\u0118BIORCZY UCZE\u0143 2026\u201d\"  src=\"https:\/\/splisiowolka.pl\/new\/wp-content\/uploads\/2024\/07\/detectiveMathsm-600x600.jpg\" \/><\/a><\/div><div class=\"ultp-block-content\"><h5 class=\"ultp-block-title \"><a href=\"https:\/\/splisiowolka.pl\/new\/index.php\/2026\/04\/27\/mlodzi-liderzy-przedsiebiorczosci-nagrodzeni-za-nami-final-konkursu-przedsiebiorczy-uczen\/\" >Drugie miejsce dla naszej uczennicy &#8211; \u201ePRZEDSI\u0118BIORCZY UCZE\u0143 2026\u201d<\/a><\/h5><div class=\"ultp-block-excerpt\"><p>W pi\u0105tek, 17 kwietnia 2026 roku, mury Zespo\u0142u Szk\u00f3\u0142 Ponadpodstawowych im. Jana Paw\u0142a II w Radzyniu Podlaskim sta\u0142y si\u0119 aren\u0105 zmaga\u0144 przysz\u0142ych lider\u00f3w biznesu. Fina\u0142 konkursu \u201ePRZEDSI\u0118BIORCZY UCZE\u0143\u201d po raz&hellip;<\/p>\n<\/div><div class=\"ultp-block-readmore\"><a aria-label=\"Drugie miejsce dla naszej uczennicy &#8211; \u201ePRZEDSI\u0118BIORCZY UCZE\u0143 2026\u201d\" href=\"https:\/\/splisiowolka.pl\/new\/index.php\/2026\/04\/27\/mlodzi-liderzy-przedsiebiorczosci-nagrodzeni-za-nami-final-konkursu-przedsiebiorczy-uczen\/\" >CZYTAJ DALEJ<svg xmlns=\"http:\/\/www.w3.org\/2000\/svg\" enable-background=\"new 0 0 53.76 53.76\" version=\"1.1\" viewBox=\"0 0 53.76 53.76\"><g transform=\"matrix(-1 3.6739e-16 -3.6739e-16 -1 53.76 53.76)\"><path class=\"active-path\" d=\"M44.574,53.76L9.186,26.88L44.574,0V53.76z M13.044,26.88l29.194,22.172V4.709L13.044,26.88z\" data-original=\"#000000\"\/><\/g><\/svg><\/a><\/div><div class=\"ultp-block-meta ultp-block-meta-dash ultp-block-meta-noIcon\"><span class=\"ultp-block-date\">kwi 27, 2026<\/span><\/div><\/div><\/div><\/section><section class=\"ultp-block-item ultp-block-media post-id-2999\"><div class=\"ultp-block-content-wrap ultp-all-postlist-2\"><div class=\"ultp-block-image ultp-block-image-zoomIn ultp-block-image-overlay ultp-block-image-multiColour ultp-block-image-multiColour4\"><a href=\"https:\/\/splisiowolka.pl\/new\/index.php\/2026\/04\/15\/stypendium-marszalka-dla-naszej-uczennicy\/\" ><img decoding=\"async\"  alt=\"Stypendium Marsza\u0142ka dla naszej uczennicy\"  src=\"https:\/\/splisiowolka.pl\/new\/wp-content\/uploads\/2026\/04\/2-600x600.jpg\" \/><\/a><\/div><div class=\"ultp-block-content\"><h5 class=\"ultp-block-title \"><a href=\"https:\/\/splisiowolka.pl\/new\/index.php\/2026\/04\/15\/stypendium-marszalka-dla-naszej-uczennicy\/\" >Stypendium Marsza\u0142ka dla naszej uczennicy<\/a><\/h5><div class=\"ultp-block-excerpt\"><p>Z dum\u0105 i wielk\u0105 rado\u015bci\u0105 informujemy, \u017ce nasza uczennica, Gabriela \u015awi\u0107 otrzyma\u0142a stypendium w ramach programu \u201eLubelskie wspiera uzdolnionych 2025\u20132026\u201d. realizowanego przez Wojew\u00f3dztwo Lubelskie. 14 kwietnia 2026 roku w Centrum&hellip;<\/p>\n<\/div><div class=\"ultp-block-readmore\"><a aria-label=\"Stypendium Marsza\u0142ka dla naszej uczennicy\" href=\"https:\/\/splisiowolka.pl\/new\/index.php\/2026\/04\/15\/stypendium-marszalka-dla-naszej-uczennicy\/\" >CZYTAJ DALEJ<svg xmlns=\"http:\/\/www.w3.org\/2000\/svg\" enable-background=\"new 0 0 53.76 53.76\" version=\"1.1\" viewBox=\"0 0 53.76 53.76\"><g transform=\"matrix(-1 3.6739e-16 -3.6739e-16 -1 53.76 53.76)\"><path class=\"active-path\" d=\"M44.574,53.76L9.186,26.88L44.574,0V53.76z M13.044,26.88l29.194,22.172V4.709L13.044,26.88z\" data-original=\"#000000\"\/><\/g><\/svg><\/a><\/div><div class=\"ultp-block-meta ultp-block-meta-dash ultp-block-meta-noIcon\"><span class=\"ultp-block-date\">kwi 15, 2026<\/span><\/div><\/div><\/div><\/section><section class=\"ultp-block-item ultp-block-media post-id-2994\"><div class=\"ultp-block-content-wrap ultp-all-postlist-2\"><div class=\"ultp-block-image ultp-block-image-zoomIn ultp-block-image-overlay ultp-block-image-multiColour ultp-block-image-multiColour5\"><a href=\"https:\/\/splisiowolka.pl\/new\/index.php\/2026\/03\/26\/pierwszy-dzien-wiosny-2026\/\" ><img decoding=\"async\"  alt=\"Pierwszy dzie\u0144 wiosny &#8211; 2026\"  src=\"https:\/\/splisiowolka.pl\/new\/wp-content\/uploads\/2026\/03\/spring-600x600.jpg\" \/><\/a><\/div><div class=\"ultp-block-content\"><h5 class=\"ultp-block-title \"><a href=\"https:\/\/splisiowolka.pl\/new\/index.php\/2026\/03\/26\/pierwszy-dzien-wiosny-2026\/\" >Pierwszy dzie\u0144 wiosny &#8211; 2026<\/a><\/h5><div class=\"ultp-block-excerpt\"><p>Pierwszy dzie\u0144 wiosny w naszej szkole by\u0142 wyj\u0105tkowym wydarzeniem, pe\u0142nym rado\u015bci, integracji i pozytywnej energii. Ju\u017c od samego rana panowa\u0142a niezwykle pogodna atmosfera, a uczniowie z entuzjazmem brali udzia\u0142 w&hellip;<\/p>\n<\/div><div class=\"ultp-block-readmore\"><a aria-label=\"Pierwszy dzie\u0144 wiosny &#8211; 2026\" href=\"https:\/\/splisiowolka.pl\/new\/index.php\/2026\/03\/26\/pierwszy-dzien-wiosny-2026\/\" >CZYTAJ DALEJ<svg xmlns=\"http:\/\/www.w3.org\/2000\/svg\" enable-background=\"new 0 0 53.76 53.76\" version=\"1.1\" viewBox=\"0 0 53.76 53.76\"><g transform=\"matrix(-1 3.6739e-16 -3.6739e-16 -1 53.76 53.76)\"><path class=\"active-path\" d=\"M44.574,53.76L9.186,26.88L44.574,0V53.76z M13.044,26.88l29.194,22.172V4.709L13.044,26.88z\" data-original=\"#000000\"\/><\/g><\/svg><\/a><\/div><div class=\"ultp-block-meta ultp-block-meta-dash ultp-block-meta-noIcon\"><span class=\"ultp-block-date\">mar 26, 2026<\/span><\/div><\/div><\/div><\/section><section class=\"ultp-block-item ultp-block-media post-id-2990\"><div class=\"ultp-block-content-wrap ultp-all-postlist-2\"><div class=\"ultp-block-image ultp-block-image-zoomIn ultp-block-image-overlay ultp-block-image-multiColour ultp-block-image-multiColour6\"><a href=\"https:\/\/splisiowolka.pl\/new\/index.php\/2026\/03\/25\/akademia-matematycznego-myslenia\/\" ><img decoding=\"async\"  alt=\"Akademia Matematycznego My\u015blenia\"  src=\"https:\/\/splisiowolka.pl\/new\/wp-content\/uploads\/2026\/04\/b00002-600x600.jpg\" \/><\/a><\/div><div class=\"ultp-block-content\"><h5 class=\"ultp-block-title \"><a href=\"https:\/\/splisiowolka.pl\/new\/index.php\/2026\/03\/25\/akademia-matematycznego-myslenia\/\" >Akademia Matematycznego My\u015blenia<\/a><\/h5><div class=\"ultp-block-excerpt\"><p>Z ogromn\u0105 dum\u0105 i rado\u015bci\u0105 chcemy przekaza\u0107 wszystkim informacj\u0119 o kolejnym sukcesie naszych uczni\u00f3w. Zuzanna, Gabriela i Kacper wzi\u0119li udzia\u0142 w szkolnym etapie Konkursu Matematyczno-Logicznego \u201eAkademia Matematycznego My\u015blenia\u201d, skierowanym do&hellip;<\/p>\n<\/div><div class=\"ultp-block-readmore\"><a aria-label=\"Akademia Matematycznego My\u015blenia\" href=\"https:\/\/splisiowolka.pl\/new\/index.php\/2026\/03\/25\/akademia-matematycznego-myslenia\/\" >CZYTAJ DALEJ<svg xmlns=\"http:\/\/www.w3.org\/2000\/svg\" enable-background=\"new 0 0 53.76 53.76\" version=\"1.1\" viewBox=\"0 0 53.76 53.76\"><g transform=\"matrix(-1 3.6739e-16 -3.6739e-16 -1 53.76 53.76)\"><path class=\"active-path\" d=\"M44.574,53.76L9.186,26.88L44.574,0V53.76z M13.044,26.88l29.194,22.172V4.709L13.044,26.88z\" data-original=\"#000000\"\/><\/g><\/svg><\/a><\/div><div class=\"ultp-block-meta ultp-block-meta-dash ultp-block-meta-noIcon\"><span class=\"ultp-block-date\">mar 25, 2026<\/span><\/div><\/div><\/div><\/section><\/div><div class=\"ultp-pagination-wrap ultp-pagination-ajax-action\" data-paged=\"1\" data-expost=\"\"  data-blockid=\"ab123e\" data-postid=\"283\" data-pages=\"28\" data-blockname=\"ultimate-post_post-list-4\" data-selfpostid=\"yes\"><ul class=\"ultp-pagination\"><li class=\"ultp-prev-page-numbers\" style=\"display:none\"><a href=\"https:\/\/splisiowolka.pl\/new\/index.php\/wp-json\/wp\/v2\/pages\/1699\"><svg enable-background=\"new 0 0 477.175 477.175\" version=\"1.1\" viewBox=\"0 0 477.18 477.18\"><path d=\"m145.19 238.58 215.5-215.5c5.3-5.3 5.3-13.8 0-19.1s-13.8-5.3-19.1 0l-225.1 225.1c-5.3 5.3-5.3 13.8 0 19.1l225.1 225c2.6 2.6 6.1 4 9.5 4s6.9-1.3 9.5-4c5.3-5.3 5.3-13.8 0-19.1l-215.4-215.5z\"><\/path><\/svg> POPRZEDNIA<\/a><\/li><li class=\"ultp-first-pages\" style=\"display:none\" data-current=\"1\"><a href=\"https:\/\/splisiowolka.pl\/new\/index.php\/wp-json\/wp\/v2\/pages\/1699\">1<\/a><\/li><li class=\"ultp-first-dot\"style=\"display:none\"><a href=\"#\">&#8230;<\/a><\/li><li class=\"ultp-center-item pagination-active\" data-current=\"1\"><a href=\"https:\/\/splisiowolka.pl\/new\/index.php\/wp-json\/wp\/v2\/pages\/1699\">1<\/a><\/li><li class=\"ultp-center-item\" data-current=\"2\" ><a href=\"https:\/\/splisiowolka.pl\/new\/index.php\/wp-json\/wp\/v2\/pages\/1699\/page\/2\/\">2<\/a><\/li><li class=\"ultp-center-item\" data-current=\"3\" ><a href=\"https:\/\/splisiowolka.pl\/new\/index.php\/wp-json\/wp\/v2\/pages\/1699\/page\/3\/\">3<\/a><\/li><li class=\"ultp-last-dot\" ><a href=\"#\">&#8230;<\/a><\/li><li class=\"ultp-last-pages\" data-current=\"28\"><a href=\"https:\/\/splisiowolka.pl\/new\/index.php\/wp-json\/wp\/v2\/pages\/1699\/page\/28\/\">28<\/a><\/li><li class=\"ultp-next-page-numbers\"><a href=\"https:\/\/splisiowolka.pl\/new\/index.php\/wp-json\/wp\/v2\/pages\/1699\/page\/2\/\">NAST\u0118PNA<svg enable-background=\"new 0 0 477.175 477.175\" version=\"1.1\" viewBox=\"0 0 477.18 477.18\"><path d=\"m360.73 229.08-225.1-225.1c-5.3-5.3-13.8-5.3-19.1 0s-5.3 13.8 0 19.1l215.5 215.5-215.5 215.5c-5.3 5.3-5.3 13.8 0 19.1 2.6 2.6 6.1 4 9.5 4s6.9-1.3 9.5-4l225.1-225.1c5.3-5.2 5.3-13.8 0.1-19z\"><\/path><\/svg><\/a><\/li><\/ul><\/div><\/div><\/div>","protected":false},"excerpt":{"rendered":"","protected":false},"author":1,"featured_media":437,"parent":0,"menu_order":0,"comment_status":"closed","ping_status":"closed","template":"","meta":{"_themeisle_gutenberg_block_has_review":false,"footnotes":""},"_links":{"self":[{"href":"https:\/\/splisiowolka.pl\/new\/index.php\/wp-json\/wp\/v2\/pages\/1699"}],"collection":[{"href":"https:\/\/splisiowolka.pl\/new\/index.php\/wp-json\/wp\/v2\/pages"}],"about":[{"href":"https:\/\/splisiowolka.pl\/new\/index.php\/wp-json\/wp\/v2\/types\/page"}],"author":[{"embeddable":true,"href":"https:\/\/splisiowolka.pl\/new\/index.php\/wp-json\/wp\/v2\/users\/1"}],"replies":[{"embeddable":true,"href":"https:\/\/splisiowolka.pl\/new\/index.php\/wp-json\/wp\/v2\/comments?post=1699"}],"version-history":[{"count":3,"href":"https:\/\/splisiowolka.pl\/new\/index.php\/wp-json\/wp\/v2\/pages\/1699\/revisions"}],"predecessor-version":[{"id":1806,"href":"https:\/\/splisiowolka.pl\/new\/index.php\/wp-json\/wp\/v2\/pages\/1699\/revisions\/1806"}],"wp:featuredmedia":[{"embeddable":true,"href":"https:\/\/splisiowolka.pl\/new\/index.php\/wp-json\/wp\/v2\/media\/437"}],"wp:attachment":[{"href":"https:\/\/splisiowolka.pl\/new\/index.php\/wp-json\/wp\/v2\/media?parent=1699"}],"curies":[{"name":"wp","href":"https:\/\/api.w.org\/{rel}","templated":true}]}}