{"id":157,"date":"2021-02-19T09:36:02","date_gmt":"2021-02-19T09:36:02","guid":{"rendered":"https:\/\/splisiowolka.pl\/new\/?page_id=157"},"modified":"2022-03-17T15:18:05","modified_gmt":"2022-03-17T15:18:05","slug":"nauczanie-zdalne","status":"publish","type":"page","link":"https:\/\/splisiowolka.pl\/new\/index.php\/nauczanie-zdalne\/","title":{"rendered":"Nauczanie zdalne"},"content":{"rendered":"\n<p>Informujemy, i\u017c w naszej szkole w okresie w kt\u00f3rym trwa zawieszenie zaj\u0119\u0107 edukacyjnych nauczyciele realizuj\u0105 nauczanie zdalne wed\u0142ug wytycznych Ministerstwa Edukacji. Proces nauczania zdalnego odbywa si\u0119 z wykorzystaniem r\u00f3\u017cnych technologii informacyjnych i komunikacyjnych (komunikatory, platformy edukacyjne, strony internetowe, \u0107wiczenia interaktywne, e-mail itp.).<\/p>\n\n\n\n<p>Nauczyciele realizuj\u0105c zdalne nauczanie k\u0142ad\u0105 szczeg\u00f3lny nacisk aby tre\u015bci wysy\u0142ane do naszych uczni\u00f3w za pomoc\u0105 w\/w medi\u00f3w zapewnia\u0142y:<\/p>\n\n\n\n<p>&#8211; r\u00f3wnomierne obci\u0105\u017cenie uczni\u00f3w w poszczeg\u00f3lnych dniach tygodnia,<br>&#8211; zr\u00f3\u017cnicowanie zaj\u0119\u0107 w ka\u017cdym dniu,<br>&#8211; mo\u017cliwo\u015bci psychofizyczne uczni\u00f3w podejmowania intensywnego wysi\u0142ku umys\u0142owego w ci\u0105gu dnia,<br>&#8211; \u0142\u0105czenie przemienne kszta\u0142cenia z u\u017cyciem monitor\u00f3w ekranowych i bez ich u\u017cycia,<br>&#8211; ograniczenia wynikaj\u0105ce ze specyfiki zaj\u0119\u0107.<\/p>\n\n\n\n<p>Aby proces komunikowania si\u0119 rodzic\u00f3w oraz uczni\u00f3w z nauczycielami prowadz\u0105cymi odbywa\u0142 si\u0119 bez zak\u0142\u00f3ce\u0144 zamieszczamy zestawienie z adresami mailowymi:<\/p>\n\n\n\n<figure class=\"wp-block-table\"><table><tbody><tr><td><strong>L.p.<\/strong><\/td><td><strong>Imi\u0119 i nazwisko nauczyciela<\/strong><\/td><td><strong><br>Adres email<\/strong><\/td><\/tr><tr><td>1<\/td><td>p. Urszula Kubaczy\u0144ska<\/td><td><a href=\"mailto:u_kubaczynska@splisiowolka.pl\">u_kubaczynska@splisiowolka.pl<\/a><\/td><\/tr><tr><td>2<\/td><td>p. Barbara Samociuk<\/td><td><a href=\"mailto:b_samociuk@splisiowolka.pl\">b_samociuk@splisiowolka.pl<\/a><\/td><\/tr><tr><td>3<\/td><td>p. Agnieszka Korszniewicz<\/td><td><a href=\"mailto:a_korszniewicz@splisiowolka.pl\">a_korszniewicz@splisiowolka.pl<\/a><\/td><\/tr><tr><td>4<\/td><td>p. Gra\u017cyna Romanowska<\/td><td><a href=\"mailto:g_romanowska@splisiowolka.pl\">g_romanowska@splisiowolka.pl<\/a><\/td><\/tr><tr><td>5<\/td><td>p. Dorota Zie\u0144czuk<\/td><td><a href=\"mailto:d_zienczuk@splisiowolka.pl\">d_zienczuk@splisiowolka.pl<\/a><\/td><\/tr><tr><td>6<\/td><td>p. Amelia Hryniewska<\/td><td><a href=\"mailto:a_hryniewska@splisiowolka.pl\">a_hryniewska@splisiowolka.pl<\/a><\/td><\/tr><tr><td>7<\/td><td>p. Krzysztof Lampart<\/td><td><a href=\"mailto:k_lampart@splisiowolka.pl\">k_lampart@splisiowolka.pl<\/a><\/td><\/tr><tr><td>8<\/td><td>p. Krzysztof Kowalczyk<\/td><td><a href=\"mailto:k_kowalczyk@splisiowolka.pl\">k_kowalczyk@splisiowolka.pl<\/a><\/td><\/tr><tr><td>9<\/td><td>p. Krystyna \u0141obejko<\/td><td><a href=\"mailto:k_lobejko@splisiowolka.pl\">k_lobejko@splisiowolka.pl<\/a><\/td><\/tr><tr><td>10<\/td><td>p. Renata Czeczko<\/td><td><a href=\"mailto:r_czeczko@splisiowolka.pl\">r_czeczko@splisiowolka.pl<\/a><\/td><\/tr><tr><td>11<\/td><td>p. Leszek Jesionek<\/td><td><a href=\"mailto:l_jesionek@splisiowolka.pl\">l_jesionek@splisiowolka.pl<\/a><\/td><\/tr><tr><td>12<\/td><td>p. Katarzyna Kowalik<\/td><td><a href=\"mailto:k_kowalik@splisiowolka.pl\">k_kowalik@splisiowolka.pl<\/a><\/td><\/tr><tr><td>13<\/td><td>p. Teresa Kowalczyk<\/td><td><a href=\"mailto:t_kowalczyk@splisiowolka.pl\">t_kowalczyk@splisiowolka.pl<\/a><\/td><\/tr><tr><td>14<\/td><td>p. Iwona Babicz-Kalinowska<\/td><td><a href=\"mailto:i_babicz@splisiowolka.pl\">i_babicz@splisiowolka.pl<\/a><\/td><\/tr><tr><td>15<\/td><td>p. Dorota Blicharz<\/td><td><a href=\"mailto:d_blicharz@splisiowolka.pl\">d_blicharz@splisiowolka.pl<\/a><\/td><\/tr><\/tbody><\/table><\/figure>\n","protected":false},"excerpt":{"rendered":"<p>Informujemy, i\u017c w naszej szkole w okresie w kt\u00f3rym trwa zawieszenie zaj\u0119\u0107 edukacyjnych nauczyciele realizuj\u0105 nauczanie zdalne wed\u0142ug wytycznych Ministerstwa Edukacji. Proces nauczania zdalnego odbywa si\u0119 z wykorzystaniem r\u00f3\u017cnych technologii informacyjnych i komunikacyjnych (komunikatory, platformy edukacyjne, strony internetowe, \u0107wiczenia interaktywne, e-mail itp.). Nauczyciele realizuj\u0105c zdalne nauczanie k\u0142ad\u0105 szczeg\u00f3lny nacisk aby tre\u015bci wysy\u0142ane do naszych uczni\u00f3w&hellip;<\/p>\n","protected":false},"author":1,"featured_media":455,"parent":0,"menu_order":0,"comment_status":"closed","ping_status":"closed","template":"","meta":{"_themeisle_gutenberg_block_has_review":false,"footnotes":""},"_links":{"self":[{"href":"https:\/\/splisiowolka.pl\/new\/index.php\/wp-json\/wp\/v2\/pages\/157"}],"collection":[{"href":"https:\/\/splisiowolka.pl\/new\/index.php\/wp-json\/wp\/v2\/pages"}],"about":[{"href":"https:\/\/splisiowolka.pl\/new\/index.php\/wp-json\/wp\/v2\/types\/page"}],"author":[{"embeddable":true,"href":"https:\/\/splisiowolka.pl\/new\/index.php\/wp-json\/wp\/v2\/users\/1"}],"replies":[{"embeddable":true,"href":"https:\/\/splisiowolka.pl\/new\/index.php\/wp-json\/wp\/v2\/comments?post=157"}],"version-history":[{"count":3,"href":"https:\/\/splisiowolka.pl\/new\/index.php\/wp-json\/wp\/v2\/pages\/157\/revisions"}],"predecessor-version":[{"id":456,"href":"https:\/\/splisiowolka.pl\/new\/index.php\/wp-json\/wp\/v2\/pages\/157\/revisions\/456"}],"wp:featuredmedia":[{"embeddable":true,"href":"https:\/\/splisiowolka.pl\/new\/index.php\/wp-json\/wp\/v2\/media\/455"}],"wp:attachment":[{"href":"https:\/\/splisiowolka.pl\/new\/index.php\/wp-json\/wp\/v2\/media?parent=157"}],"curies":[{"name":"wp","href":"https:\/\/api.w.org\/{rel}","templated":true}]}}