{"id":149,"date":"2021-02-19T09:26:18","date_gmt":"2021-02-19T09:26:18","guid":{"rendered":"https:\/\/splisiowolka.pl\/new\/?page_id=149"},"modified":"2026-01-13T10:05:01","modified_gmt":"2026-01-13T08:05:01","slug":"kontakt","status":"publish","type":"page","link":"https:\/\/splisiowolka.pl\/new\/index.php\/kontakt\/","title":{"rendered":"Kontakt"},"content":{"rendered":"\n<p><strong>Adres:<\/strong><br>Lisiow\u00f3lka 74A<br>21-310 Wohy\u0144<\/p>\n\n\n\n<p><strong>telefon:<\/strong><br>+48 (83) 353-23-55<\/p>\n\n\n\n<p><strong>Email:<\/strong><br>splisiowolka@wohyn.home.pl<\/p>\n\n\n\n<p><strong>adres e-dor\u0119cze\u0144<\/strong>:<br>AE:PL-66219-14550-ASTAW-24<br><br><small>Administratorem danych jest Szko\u0142a Podstawowa w Lisiow\u00f3lce (Lisiow\u00f3lka 74, 21- 310 Wohy\u0144, tel. +48 (83) 353-23-55. Dane kontaktowe inspektora ochrony danych: <a href=\"mailto:inspektor@cbi24.pl\">inspektor@cbi24.pl<\/a><\/small><\/p>\n\n\n\n<p><small><br>Dane b\u0119d\u0105 przetwarzane wy\u0142\u0105cznie w celu udzielenia odpowiedzi na pytanie zawarte w formularzu kontaktowym. Podstaw\u0105 przetwarzania danych jest zgoda osoby, kt\u00f3rej dane dotycz\u0105, udzielona poprzez wyra\u017ane dzia\u0142anie potwierdzaj\u0105ce (tj. przes\u0142anie wiadomo\u015bci). Pani\/Pana dane b\u0119d\u0105 przetwarzane nie d\u0142u\u017cej, ni\u017c jest to konieczne do udzielenia odpowiedzi, a po tym czasie mog\u0105 by\u0107 przetwarzane do czasu przedawnienia ewentualnych roszcze\u0144. Dane s\u0105 ujawniane wy\u0142\u0105cznie osobom upowa\u017cnionym przez administratora. Podanie danych jest dobrowolne, niemniej konieczne do tego, \u017ceby odpowiedzie\u0107 na pytanie. Przys\u0142uguje Pani\/Panu prawo do \u017c\u0105dania dost\u0119pu do swoich danych osobowych, ich sprostowania, usuni\u0119cia lub ograniczenia przetwarzania, przenoszenia danych oraz prawo do cofni\u0119cia zgody oraz wniesienia skargi do Prezesa Urz\u0119du Ochrony Danych Osobowych.<\/small><\/p>\n\n\n\n<p><\/p>\n\n\n\n<p><\/p>\n\n\n<div class=\"forminator-ui forminator-custom-form forminator-custom-form-1021 forminator-design--default  forminator_ajax\" data-forminator-render=\"0\" data-form=\"forminator-module-1021\" data-uid=\"6a007f3f71b26\"><br\/><\/div><form\n\t\t\t\tid=\"forminator-module-1021\"\n\t\t\t\tclass=\"forminator-ui forminator-custom-form forminator-custom-form-1021 forminator-design--default  forminator_ajax\"\n\t\t\t\tmethod=\"post\"\n\t\t\t\tdata-forminator-render=\"0\"\n\t\t\t\tdata-form-id=\"1021\"\n\t\t\t\t\n\t\t\t\tdata-design=\"default\"\n\t\t\t\t\n\t\t\t\t\n\t\t\t\t\n\t\t\t\tdata-grid=\"open\"\n\t\t\t\t\n\t\t\t\t\n\t\t\t\tstyle=\"display: none;\"\n\t\t\t\t\n\t\t\t\tdata-uid=\"6a007f3f71b26\"\n\t\t\t><div role=\"alert\" aria-live=\"polite\" class=\"forminator-response-message forminator-error\" aria-hidden=\"true\"><\/div><div class=\"forminator-row\"><div id=\"name-1\" class=\"forminator-field-name forminator-col forminator-col-12 \"><div class=\"forminator-field\"><label for=\"forminator-field-name-1_6a007f3f71b26\" class=\"forminator-label\" id=\"forminator-field-name-1_6a007f3f71b26-label\">Imi\u0119 <span class=\"forminator-required\">*<\/span><\/label><input type=\"text\" name=\"name-1\" value=\"\" placeholder=\"Jan\" id=\"forminator-field-name-1_6a007f3f71b26\" class=\"forminator-input forminator-name--field\" aria-required=\"true\" \/><\/div><\/div><\/div><div class=\"forminator-row\"><div id=\"text-1\" class=\"forminator-field-text forminator-col forminator-col-6 \"><div class=\"forminator-field\"><label for=\"forminator-field-text-1_6a007f3f71b26\" class=\"forminator-label\" id=\"forminator-field-text-1_6a007f3f71b26-label\">Temat<\/label><input type=\"text\" name=\"text-1\" value=\"\" placeholder=\"podaj temat wiadomo\u015bci\" id=\"forminator-field-text-1_6a007f3f71b26\" class=\"forminator-input forminator-name--field\" data-required=\"\" aria-describedby=\"forminator-field-text-1_6a007f3f71b26-description\" \/><span id=\"forminator-field-text-1_6a007f3f71b26-description\" class=\"forminator-description\">temat<\/span><\/div><\/div><div id=\"email-1\" class=\"forminator-field-email forminator-col forminator-col-6 \"><div class=\"forminator-field\"><label for=\"forminator-field-email-1_6a007f3f71b26\" class=\"forminator-label\" id=\"forminator-field-email-1_6a007f3f71b26-label\">Adres e-mail <span class=\"forminator-required\">*<\/span><\/label><input type=\"email\" name=\"email-1\" value=\"\" placeholder=\"jan@kowalski.com\" id=\"forminator-field-email-1_6a007f3f71b26\" class=\"forminator-input forminator-email--field\" data-required=\"true\" aria-required=\"true\" \/><\/div><\/div><\/div><div class=\"forminator-row\"><div id=\"textarea-1\" class=\"forminator-field-textarea forminator-col forminator-col-12 \"><div class=\"forminator-field\"><label for=\"forminator-field-textarea-1_6a007f3f71b26\" id=\"forminator-field-textarea-1_6a007f3f71b26-label\" class=\"forminator-label\">Wiadomo\u015b\u0107<\/label><textarea name=\"textarea-1\" placeholder=\"Wpisz swoj\u0105 wiadomo\u015b\u0107...\" id=\"forminator-field-textarea-1_6a007f3f71b26\" class=\"forminator-textarea\" rows=\"6\" style=\"min-height:140px;\" maxlength=\"800\" ><\/textarea><span id=\"forminator-field-textarea-1_6a007f3f71b26-description\" class=\"forminator-description\"><span data-limit=\"800\" data-type=\"characters\">0 \/ 800<\/span><\/span><\/div><\/div><\/div><div class=\"forminator-row\"><div id=\"captcha-1\" class=\"forminator-field-captcha forminator-col forminator-col-12 \"><div class=\"forminator-hcaptcha\" data-theme=\"light\"  data-sitekey=\"f6691f73-f68d-4af8-ae0e-d2e26272cc2b\" data-size=\"normal\"><\/div> <\/div><\/div><input type=\"hidden\" name=\"referer_url\" value=\"\" \/><div class=\"forminator-row forminator-row-last\"><div class=\"forminator-col\"><div class=\"forminator-field\"><button class=\"forminator-button forminator-button-submit\">Wy\u015blij wiadomo\u015b\u0107<\/button><\/div><\/div><\/div><input type=\"hidden\" id=\"forminator_nonce\" name=\"forminator_nonce\" value=\"321d9bdbfc\" \/><input type=\"hidden\" name=\"_wp_http_referer\" value=\"\/new\/index.php\/wp-json\/wp\/v2\/pages\/149\" \/><input type=\"hidden\" name=\"form_id\" value=\"1021\"><input type=\"hidden\" name=\"page_id\" value=\"149\"><input type=\"hidden\" name=\"form_type\" value=\"default\"><input type=\"hidden\" name=\"current_url\" value=\"https:\/\/splisiowolka.pl\/new\/index.php\/kontakt\/\"><input type=\"hidden\" name=\"render_id\" value=\"0\"><input type=\"hidden\" name=\"action\" value=\"forminator_submit_form_custom-forms\"><\/form>\n\n\n\n<iframe src=\"https:\/\/www.google.com\/maps\/embed?pb=!1m18!1m12!1m3!1d2467.171138056241!2d22.75409978908906!3d51.803033499382096!2m3!1f0!2f0!3f0!3m2!1i1024!2i768!4f13.1!3m3!1m2!1s0x472221cc07b11817%3A0x209c9102797db70c!2sLisiow%C3%B3lka%2074A%2C%2021-310%20Lisiow%C3%B3lka%2C%20Polska!5e0!3m2!1spl!2sus!4v1756890365289!5m2!1spl!2sus\" width=\"600\" height=\"450\" style=\"border:0;\" allowfullscreen=\"\" loading=\"lazy\" referrerpolicy=\"no-referrer-when-downgrade\"><\/iframe>\n\n\n\n<p><\/p>\n\n\n\n<p><\/p>\n\n\n\n<p><\/p>\n\n\n\n<p><\/p>\n","protected":false},"excerpt":{"rendered":"<p>Adres:Lisiow\u00f3lka 74A21-310 Wohy\u0144 telefon:+48 (83) 353-23-55 Email:splisiowolka@wohyn.home.pl adres e-dor\u0119cze\u0144:AE:PL-66219-14550-ASTAW-24 Administratorem danych jest Szko\u0142a Podstawowa w Lisiow\u00f3lce (Lisiow\u00f3lka 74, 21- 310 Wohy\u0144, tel. +48 (83) 353-23-55. Dane kontaktowe inspektora ochrony danych: inspektor@cbi24.pl Dane b\u0119d\u0105 przetwarzane wy\u0142\u0105cznie w celu udzielenia odpowiedzi na pytanie zawarte w formularzu kontaktowym. Podstaw\u0105 przetwarzania danych jest zgoda osoby, kt\u00f3rej dane dotycz\u0105, udzielona&hellip;<\/p>\n","protected":false},"author":1,"featured_media":436,"parent":0,"menu_order":0,"comment_status":"closed","ping_status":"closed","template":"","meta":{"_themeisle_gutenberg_block_has_review":false,"footnotes":""},"_links":{"self":[{"href":"https:\/\/splisiowolka.pl\/new\/index.php\/wp-json\/wp\/v2\/pages\/149"}],"collection":[{"href":"https:\/\/splisiowolka.pl\/new\/index.php\/wp-json\/wp\/v2\/pages"}],"about":[{"href":"https:\/\/splisiowolka.pl\/new\/index.php\/wp-json\/wp\/v2\/types\/page"}],"author":[{"embeddable":true,"href":"https:\/\/splisiowolka.pl\/new\/index.php\/wp-json\/wp\/v2\/users\/1"}],"replies":[{"embeddable":true,"href":"https:\/\/splisiowolka.pl\/new\/index.php\/wp-json\/wp\/v2\/comments?post=149"}],"version-history":[{"count":18,"href":"https:\/\/splisiowolka.pl\/new\/index.php\/wp-json\/wp\/v2\/pages\/149\/revisions"}],"predecessor-version":[{"id":2927,"href":"https:\/\/splisiowolka.pl\/new\/index.php\/wp-json\/wp\/v2\/pages\/149\/revisions\/2927"}],"wp:featuredmedia":[{"embeddable":true,"href":"https:\/\/splisiowolka.pl\/new\/index.php\/wp-json\/wp\/v2\/media\/436"}],"wp:attachment":[{"href":"https:\/\/splisiowolka.pl\/new\/index.php\/wp-json\/wp\/v2\/media?parent=149"}],"curies":[{"name":"wp","href":"https:\/\/api.w.org\/{rel}","templated":true}]}}