{"id":129,"date":"2021-02-17T11:53:20","date_gmt":"2021-02-17T11:53:20","guid":{"rendered":"https:\/\/splisiowolka.pl\/new\/?page_id=129"},"modified":"2022-03-27T20:15:02","modified_gmt":"2022-03-27T20:15:02","slug":"klauzula-informacyjna","status":"publish","type":"page","link":"https:\/\/splisiowolka.pl\/new\/index.php\/klauzula-informacyjna\/","title":{"rendered":"Klauzula informacyjna"},"content":{"rendered":"\n<h2 class=\"wp-block-heading\"><strong>KLAUZULA INFORMACYJNA<\/strong><\/h2>\n\n\n\n<p>Funkcj\u0119 Inspektora Ochrony Danych Osobowych pe\u0142ni&nbsp;<strong>Daniel Koguciuk.<\/strong><br>Kontakt z inspektorem mo\u017cliwy jest pod adresem mailowym:&nbsp;<strong>inspektor@cbi24.pl<\/strong><\/p>\n\n\n\n<p><\/p>\n\n\n\n<p>Na podstawie art. 13 Rozporz\u0105dzenia Parlamentu Europejskiego i Rady&nbsp;<strong>(UE) 2016\/679 z dnia 27 kwietnia 2016 r.&nbsp;<\/strong>w sprawie ochrony os\u00f3b fizycznych w zwi\u0105zku z przetwarzaniem danych osobowych i w sprawie swobodnego przep\u0142ywu takich danych oraz uchylenia dyrektywy<strong>&nbsp;95\/46\/WE&nbsp;<\/strong>(og\u00f3lne rozporz\u0105dzenie o ochronie danych), publ.&nbsp;<strong>Dz. Urz. UE L Nr 119, s. 1<\/strong>&nbsp;informujemy, i\u017c:<\/p>\n\n\n\n<p><strong>1)<\/strong>&nbsp;Administratorem Pani\/Pana danych osobowych jest&nbsp;<strong>Szko\u0142a Podstawowa w Lisiow\u00f3lce (adres: Lisiow\u00f3lka 74, 21-310 Wohy\u0144<\/strong>, numer telefonu:&nbsp;<strong>(83) 353-23-55)<\/strong><\/p>\n\n\n\n<p><strong>2)<\/strong>&nbsp;W sprawach z zakresu ochrony danych osobowych mog\u0105 Pa\u0144stwo kontaktowa\u0107 si\u0119 z Inspektorem Ochrony Danych pod adresem e-mail:&nbsp;<strong>inspektor@cbi24.pl<\/strong>.<\/p>\n\n\n\n<p><strong>3)&nbsp;<\/strong>Dane osobowe b\u0119d\u0105 przetwarzane w celu realizacji umowy cywilnoprawnej.<\/p>\n\n\n\n<p><strong>4)<\/strong>&nbsp;Dane osobowe b\u0119d\u0105 przetwarzane przez okres niezb\u0119dny do realizacji ww. celu z uwzgl\u0119dnieniem okres\u00f3w przechowywania okre\u015blonych w przepisach odr\u0119bnych, w tym przepis\u00f3w archiwalnych.<\/p>\n\n\n\n<p><strong>5)<\/strong>&nbsp;Podstaw\u0105 prawn\u0105 przetwarzania danych jest&nbsp;<strong>art. 6 ust. 1 lit. b<\/strong>) ww. rozporz\u0105dzenia.<\/p>\n\n\n\n<p><strong>6)<\/strong>&nbsp;Odbiorcami Pani\/Pana danych b\u0119d\u0105 podmioty, kt\u00f3re na podstawie zawartych um\u00f3w przetwarzaj\u0105 dane osobowe w imieniu Administratora.<\/p>\n\n\n\n<p>Osoba, kt\u00f3rej dane dotycz\u0105 ma prawo do:<\/p>\n\n\n\n<p><strong>&#8211;<\/strong>&nbsp;dost\u0119pu do tre\u015bci swoich danych oraz mo\u017cliwo\u015bci ich poprawiania, sprostowania, ograniczenia przetwarzania oraz do przenoszenia swoich danych, a tak\u017ce &#8211; w przypadkach przewidzianych prawem &#8211; prawo do usuni\u0119cia danych i prawo do wniesienia sprzeciwu wobec przetwarzania Pa\u0144stwa danych.<\/p>\n\n\n\n<p><strong>&#8211;<\/strong>&nbsp;wniesienia skargi do organu nadzorczego w przypadku gdy przetwarzanie danych odbywa si\u0119 z naruszeniem przepis\u00f3w powy\u017cszego rozporz\u0105dzenia tj. Prezesa Urz\u0119du Ochrony Danych Osobowych, ul. Stawki 2, 00-193 Warszawa Podanie danych osobowych jest warunkiem zawarcia umowy cywilnoprawnej. Osoba, kt\u00f3rej dane dotycz\u0105 jest zobowi\u0105zana do ich podania. Konsekwencj\u0105 niepodania danych osobowych jest brak mo\u017cliwo\u015bci zawarcia umowy.<\/p>\n\n\n\n<p>Ponadto informujemy, i\u017c w zwi\u0105zku z przetwarzaniem Pani\/Pana danych osobowych nie podlega Pan\/Pani decyzjom, kt\u00f3re si\u0119 opieraj\u0105 wy\u0142\u0105cznie na zautomatyzowanym przetwarzaniu, w tym profilowaniu, o czym stanowi art. 22 og\u00f3lnego rozporz\u0105dzenia o ochronie danych osobowych.<\/p>\n\n\n\n<p><strong>KLAUZULA INFORMACYJNA<\/strong><\/p>\n\n\n\n<p>Na podstawie art. 13 Rozporz\u0105dzenia Parlamentu Europejskiego i Rady&nbsp;<strong>(UE) 2016\/679 z dnia 27 kwietnia 2016 r.&nbsp;<\/strong>w sprawie ochrony os\u00f3b fizycznych w zwi\u0105zku z przetwarzaniem danych osobowych i w sprawie swobodnego przep\u0142ywu takich danych oraz uchylenia dyrektywy&nbsp;<strong>95\/46\/WE<\/strong>&nbsp;(og\u00f3lne rozporz\u0105dzenie o ochronie danych), publ.&nbsp;<strong>Dz. Urz. UE L Nr 119, s. 1&nbsp;<\/strong>informujemy, i\u017c:<\/p>\n\n\n\n<p><strong>1.<\/strong>&nbsp;Administratorem Pani\/Pana danych osobowych jest Szko\u0142a Podstawowa w Lisiow\u00f3lce (adres: Lisiow\u00f3lka 74, 21-310 Wohy\u0144, numer telefonu: (83) 353-23-55)<br><strong>2.<\/strong>&nbsp;W sprawach z zakresu ochrony danych osobowych mog\u0105 Pa\u0144stwo kontaktowa\u0107 si\u0119 z Inspektorem Ochrony Danych pod adresem e-mail: inspektor@cbi24.pl.<br><strong>3.<\/strong>&nbsp;Dane osobowe b\u0119d\u0105 przetwarzane w celu realizacji obowi\u0105zk\u00f3w prawnych ci\u0105\u017c\u0105cych na Administratorze.<br><strong>4.<\/strong>&nbsp;Dane osobowe b\u0119d\u0105 przetwarzane przez okres niezb\u0119dny do realizacji ww. celu z uwzgl\u0119dnieniem okres\u00f3w przechowywania okre\u015blonych w przepisach odr\u0119bnych, w tym przepis\u00f3w archiwalnych.<br><strong>5.<\/strong>&nbsp;Podstaw\u0105 prawn\u0105 przetwarzania danych jest&nbsp;<strong>art. 6 ust. 1 lit. c<\/strong>) ww. Rozporz\u0105dzenia.<br><strong>6.<\/strong>&nbsp;Odbiorcami Pani\/Pana danych b\u0119d\u0105 podmioty,kt\u00f3re na podstawie zawartych um\u00f3w przetwarzaj\u0105 dane osobowe w imieniu Administratora.<br><strong>7.&nbsp;<\/strong>Osoba, kt\u00f3rej dane dotycz\u0105 ma prawo do:<\/p>\n\n\n\n<p>&#8211; dost\u0119pu do tre\u015bci swoich danych oraz mo\u017cliwo\u015bci ich poprawiania, sprostowania, ograniczenia przetwarzania, a tak\u017ce &#8211; w przypadkach przewidzianych prawem &#8211; prawo do usuni\u0119cia danych i prawo do wniesienia sprzeciwu wobec przetwarzania Pa\u0144stwa danych.<br>&#8211; wniesienia skargi do organu nadzorczego w przypadku gdy przetwarzanie danych odbywa si\u0119 z naruszeniem przepis\u00f3w powy\u017cszego rozporz\u0105dzenia tj. Prezesa Urz\u0119du Ochrony Danych Osobowych, ul. Stawki 2, 00-193 Warszawa.<br>Ponadto informujemy, i\u017c w zwi\u0105zku z przetwarzaniem Pani\/Pana danych osobowych nie podlega Pan\/Pani decyzjom, kt\u00f3re si\u0119 opieraj\u0105 wy\u0142\u0105cznie na zautomatyzowanym przetwarzaniu, w tym profilowaniu, o czym stanowi art. 22 og\u00f3lnego rozporz\u0105dzenia o ochronie danych osobowych.<\/p>\n","protected":false},"excerpt":{"rendered":"<p>KLAUZULA INFORMACYJNA Funkcj\u0119 Inspektora Ochrony Danych Osobowych pe\u0142ni&nbsp;Daniel Koguciuk.Kontakt z inspektorem mo\u017cliwy jest pod adresem mailowym:&nbsp;inspektor@cbi24.pl Na podstawie art. 13 Rozporz\u0105dzenia Parlamentu Europejskiego i Rady&nbsp;(UE) 2016\/679 z dnia 27 kwietnia 2016 r.&nbsp;w sprawie ochrony os\u00f3b fizycznych w zwi\u0105zku z przetwarzaniem danych osobowych i w sprawie swobodnego przep\u0142ywu takich danych oraz uchylenia dyrektywy&nbsp;95\/46\/WE&nbsp;(og\u00f3lne rozporz\u0105dzenie o ochronie&hellip;<\/p>\n","protected":false},"author":1,"featured_media":614,"parent":0,"menu_order":0,"comment_status":"closed","ping_status":"closed","template":"","meta":{"_themeisle_gutenberg_block_has_review":false,"footnotes":""},"_links":{"self":[{"href":"https:\/\/splisiowolka.pl\/new\/index.php\/wp-json\/wp\/v2\/pages\/129"}],"collection":[{"href":"https:\/\/splisiowolka.pl\/new\/index.php\/wp-json\/wp\/v2\/pages"}],"about":[{"href":"https:\/\/splisiowolka.pl\/new\/index.php\/wp-json\/wp\/v2\/types\/page"}],"author":[{"embeddable":true,"href":"https:\/\/splisiowolka.pl\/new\/index.php\/wp-json\/wp\/v2\/users\/1"}],"replies":[{"embeddable":true,"href":"https:\/\/splisiowolka.pl\/new\/index.php\/wp-json\/wp\/v2\/comments?post=129"}],"version-history":[{"count":2,"href":"https:\/\/splisiowolka.pl\/new\/index.php\/wp-json\/wp\/v2\/pages\/129\/revisions"}],"predecessor-version":[{"id":615,"href":"https:\/\/splisiowolka.pl\/new\/index.php\/wp-json\/wp\/v2\/pages\/129\/revisions\/615"}],"wp:featuredmedia":[{"embeddable":true,"href":"https:\/\/splisiowolka.pl\/new\/index.php\/wp-json\/wp\/v2\/media\/614"}],"wp:attachment":[{"href":"https:\/\/splisiowolka.pl\/new\/index.php\/wp-json\/wp\/v2\/media?parent=129"}],"curies":[{"name":"wp","href":"https:\/\/api.w.org\/{rel}","templated":true}]}}