{"id":1190,"date":"2022-09-19T19:12:00","date_gmt":"2022-09-19T19:12:00","guid":{"rendered":"https:\/\/splisiowolka.pl\/new\/?page_id=1190"},"modified":"2024-09-24T08:54:30","modified_gmt":"2024-09-24T06:54:30","slug":"godziny-dostepnosci","status":"publish","type":"page","link":"https:\/\/splisiowolka.pl\/new\/index.php\/godziny-dostepnosci\/","title":{"rendered":"godziny dost\u0119pno\u015bci"},"content":{"rendered":"\n<h2 class=\"wp-block-heading has-text-align-center has-text-color\" style=\"color:#025c90\">Poni\u017cej zamieszczamy harmonogram dost\u0119pno\u015bci <br>nauczycieli ucz\u0105cych w naszej szkole (2024\/2025)<\/h2>\n\n\n\n<div style=\"height:63px\" aria-hidden=\"true\" class=\"wp-block-spacer\"><\/div>\n\n\n\n<div class=\"wp-block-group is-layout-flow wp-block-group-is-layout-flow\"><div class=\"wp-block-group__inner-container\">\n<figure class=\"wp-block-table aligncenter is-style-stripes\"><table class=\"has-fixed-layout\"><tbody><tr><td class=\"has-text-align-center\" data-align=\"center\"><strong>nauczyciel<\/strong><\/td><td class=\"has-text-align-center\" data-align=\"center\"><strong>dzie\u0144 tygodnia<\/strong><\/td><td class=\"has-text-align-center\" data-align=\"center\"><strong>godzina<\/strong><\/td><\/tr><tr><td class=\"has-text-align-center\" data-align=\"center\">Urszula Kubaczy\u0144ska<\/td><td class=\"has-text-align-center\" data-align=\"center\">wtorek<\/td><td class=\"has-text-align-center\" data-align=\"center\">10:00-10:30<\/td><\/tr><tr><td class=\"has-text-align-center\" data-align=\"center\">Barbara Samociuk<\/td><td class=\"has-text-align-center\" data-align=\"center\">poniedzia\u0142ek<br>wtorek<\/td><td class=\"has-text-align-center\" data-align=\"center\">13:30-14:00<br>13:30-14:00<\/td><\/tr><tr><td class=\"has-text-align-center\" data-align=\"center\">Agnieszka Korszniewicz<\/td><td class=\"has-text-align-center\" data-align=\"center\">poniedzia\u0142ek<\/td><td class=\"has-text-align-center\" data-align=\"center\">09:00-10:00<\/td><\/tr><tr><td class=\"has-text-align-center\" data-align=\"center\">Sylwia Dymicka<\/td><td class=\"has-text-align-center\" data-align=\"center\">\u015broda<\/td><td class=\"has-text-align-center\" data-align=\"center\">12:30-13:30<\/td><\/tr><tr><td class=\"has-text-align-center\" data-align=\"center\">Krzysztof Lampart<\/td><td class=\"has-text-align-center\" data-align=\"center\">poniedzia\u0142ek<\/td><td class=\"has-text-align-center\" data-align=\"center\">10:40-11:40<\/td><\/tr><tr><td class=\"has-text-align-center\" data-align=\"center\">Krzysztof Kowalczyk<\/td><td class=\"has-text-align-center\" data-align=\"center\">pi\u0105tek<\/td><td class=\"has-text-align-center\" data-align=\"center\">13:25-14:25<\/td><\/tr><tr><td class=\"has-text-align-center\" data-align=\"center\">Krystyna \u0141obejko *<\/td><td class=\"has-text-align-center\" data-align=\"center\">poniedzia\u0142ek<\/td><td class=\"has-text-align-center\" data-align=\"center\">08:00-08:50<\/td><\/tr><tr><td class=\"has-text-align-center\" data-align=\"center\">Iwona Babicz-Kalinowska *<\/td><td class=\"has-text-align-center\" data-align=\"center\">pi\u0105tek<\/td><td class=\"has-text-align-center\" data-align=\"center\">13:25-14:25<\/td><\/tr><tr><td class=\"has-text-align-center\" data-align=\"center\">Maja Krupska<\/td><td class=\"has-text-align-center\" data-align=\"center\">poniedzia\u0142ek<\/td><td class=\"has-text-align-center\" data-align=\"center\">08:45-09:45<\/td><\/tr><tr><td class=\"has-text-align-center\" data-align=\"center\">Gra\u017cyna Romanowska<\/td><td class=\"has-text-align-center\" data-align=\"center\">wtorek<\/td><td class=\"has-text-align-center\" data-align=\"center\">13:00-14:00<\/td><\/tr><tr><td class=\"has-text-align-center\" data-align=\"center\">* &#8211; co drugi tydzie\u0144<\/td><td class=\"has-text-align-center\" data-align=\"center\"><\/td><td class=\"has-text-align-center\" data-align=\"center\"><\/td><\/tr><\/tbody><\/table><figcaption class=\"wp-element-caption\"><br><\/figcaption><\/figure>\n\n\n\n<div style=\"height:20px\" aria-hidden=\"true\" class=\"wp-block-spacer\"><\/div>\n\n\n\n<p class=\"has-text-align-center has-vivid-red-color has-text-color\">Konsultacje z nauczycielem dost\u0119pne s\u0105 tak\u017ce w dowolne inne dni po wcze\u015bniejszym ustaleniu terminu. <\/p>\n<\/div><\/div>\n","protected":false},"excerpt":{"rendered":"<p>Poni\u017cej zamieszczamy harmonogram dost\u0119pno\u015bci nauczycieli ucz\u0105cych w naszej szkole (2024\/2025) nauczyciel dzie\u0144 tygodnia godzina Urszula Kubaczy\u0144ska wtorek 10:00-10:30 Barbara Samociuk poniedzia\u0142ekwtorek 13:30-14:0013:30-14:00 Agnieszka Korszniewicz poniedzia\u0142ek 09:00-10:00 Sylwia Dymicka \u015broda 12:30-13:30 Krzysztof Lampart poniedzia\u0142ek 10:40-11:40 Krzysztof Kowalczyk pi\u0105tek 13:25-14:25 Krystyna \u0141obejko * poniedzia\u0142ek 08:00-08:50 Iwona Babicz-Kalinowska * pi\u0105tek 13:25-14:25 Maja Krupska poniedzia\u0142ek 08:45-09:45 Gra\u017cyna Romanowska wtorek&hellip;<\/p>\n","protected":false},"author":1,"featured_media":1193,"parent":0,"menu_order":0,"comment_status":"closed","ping_status":"closed","template":"","meta":{"_themeisle_gutenberg_block_has_review":false,"footnotes":""},"_links":{"self":[{"href":"https:\/\/splisiowolka.pl\/new\/index.php\/wp-json\/wp\/v2\/pages\/1190"}],"collection":[{"href":"https:\/\/splisiowolka.pl\/new\/index.php\/wp-json\/wp\/v2\/pages"}],"about":[{"href":"https:\/\/splisiowolka.pl\/new\/index.php\/wp-json\/wp\/v2\/types\/page"}],"author":[{"embeddable":true,"href":"https:\/\/splisiowolka.pl\/new\/index.php\/wp-json\/wp\/v2\/users\/1"}],"replies":[{"embeddable":true,"href":"https:\/\/splisiowolka.pl\/new\/index.php\/wp-json\/wp\/v2\/comments?post=1190"}],"version-history":[{"count":22,"href":"https:\/\/splisiowolka.pl\/new\/index.php\/wp-json\/wp\/v2\/pages\/1190\/revisions"}],"predecessor-version":[{"id":2360,"href":"https:\/\/splisiowolka.pl\/new\/index.php\/wp-json\/wp\/v2\/pages\/1190\/revisions\/2360"}],"wp:featuredmedia":[{"embeddable":true,"href":"https:\/\/splisiowolka.pl\/new\/index.php\/wp-json\/wp\/v2\/media\/1193"}],"wp:attachment":[{"href":"https:\/\/splisiowolka.pl\/new\/index.php\/wp-json\/wp\/v2\/media?parent=1190"}],"curies":[{"name":"wp","href":"https:\/\/api.w.org\/{rel}","templated":true}]}}